{"id":2995,"date":"2025-10-01T07:57:08","date_gmt":"2025-10-01T07:57:08","guid":{"rendered":"https:\/\/www.nomm-it.com\/contact\/"},"modified":"2025-10-01T07:57:08","modified_gmt":"2025-10-01T07:57:08","slug":"contact","status":"publish","type":"page","link":"https:\/\/www.nomm-it.com\/fr\/contact\/","title":{"rendered":"Contact"},"content":{"rendered":"\t\t<div data-elementor-type=\"wp-page\" data-elementor-id=\"2995\" class=\"elementor elementor-2995 elementor-318\" data-elementor-post-type=\"page\">\n\t\t\t\t<div class=\"elementor-element elementor-element-5aa202c e-con-full e-flex e-con e-parent\" data-id=\"5aa202c\" data-element_type=\"container\" data-e-type=\"container\">\n\t\t<div class=\"elementor-element elementor-element-7221803 e-con-full e-flex e-con e-child\" data-id=\"7221803\" data-element_type=\"container\" data-e-type=\"container\">\n\t\t\t\t<div class=\"elementor-element elementor-element-5fe8f4b elementor-widget elementor-widget-image\" data-id=\"5fe8f4b\" data-element_type=\"widget\" data-e-type=\"widget\" data-widget_type=\"image.default\">\n\t\t\t\t\t\t\t\t\t\t\t\t\t\t\t<img fetchpriority=\"high\" decoding=\"async\" width=\"768\" height=\"512\" src=\"https:\/\/www.nomm-it.com\/wp-content\/uploads\/2026\/04\/DSF2953-768x512.jpg\" class=\"attachment-medium_large size-medium_large wp-image-2996\" alt=\"NOMM&#039;it\" srcset=\"https:\/\/www.nomm-it.com\/wp-content\/uploads\/2026\/04\/DSF2953-768x512.jpg 768w, https:\/\/www.nomm-it.com\/wp-content\/uploads\/2026\/04\/DSF2953-300x200.jpg 300w, https:\/\/www.nomm-it.com\/wp-content\/uploads\/2026\/04\/DSF2953-1024x682.jpg 1024w, https:\/\/www.nomm-it.com\/wp-content\/uploads\/2026\/04\/DSF2953-1536x1024.jpg 1536w, https:\/\/www.nomm-it.com\/wp-content\/uploads\/2026\/04\/DSF2953.jpg 2000w\" sizes=\"(max-width: 768px) 100vw, 768px\" \/>\t\t\t\t\t\t\t\t\t\t\t\t\t\t\t<\/div>\n\t\t<div class=\"elementor-element elementor-element-635085a e-con-full e-flex e-con e-child\" data-id=\"635085a\" data-element_type=\"container\" data-e-type=\"container\">\n\t\t\t\t<div class=\"elementor-element elementor-element-990e4fa elementor-widget elementor-widget-heading\" data-id=\"990e4fa\" data-element_type=\"widget\" data-e-type=\"widget\" data-widget_type=\"heading.default\">\n\t\t\t\t\t<h2 class=\"elementor-heading-title elementor-size-default\">Nederland<\/h2>\t\t\t\t<\/div>\n\t\t\t\t<div class=\"elementor-element elementor-element-7213fa7 elementor-widget-mobile__width-inherit elementor-widget elementor-widget-text-editor\" data-id=\"7213fa7\" data-element_type=\"widget\" data-e-type=\"widget\" data-widget_type=\"text-editor.default\">\n\t\t\t\t\t\t\t\t\t<p>Postbus 59270<br \/>1040KG Amsterdam<\/p><p>+31 (0)85 76 07 100<\/p>\t\t\t\t\t\t\t\t<\/div>\n\t\t\t\t<\/div>\n\t\t\t\t<\/div>\n\t\t<div class=\"elementor-element elementor-element-0fbfe56 e-con-full e-flex e-con e-child\" data-id=\"0fbfe56\" data-element_type=\"container\" data-e-type=\"container\">\n\t\t<div class=\"elementor-element elementor-element-5b60f59 e-con-full e-flex e-con e-child\" data-id=\"5b60f59\" data-element_type=\"container\" data-e-type=\"container\">\n\t\t\t\t<div class=\"elementor-element elementor-element-9d7e41c elementor-widget elementor-widget-heading\" data-id=\"9d7e41c\" data-element_type=\"widget\" data-e-type=\"widget\" data-widget_type=\"heading.default\">\n\t\t\t\t\t<h2 class=\"elementor-heading-title elementor-size-default\">Belgi\u00eb<\/h2>\t\t\t\t<\/div>\n\t\t\t\t<div class=\"elementor-element elementor-element-eab8767 elementor-widget-mobile__width-inherit elementor-widget elementor-widget-text-editor\" data-id=\"eab8767\" data-element_type=\"widget\" data-e-type=\"widget\" data-widget_type=\"text-editor.default\">\n\t\t\t\t\t\t\t\t\t<p>Postbus 11<br \/>2000 Antwerpen<\/p><p>+32 (0)2 808 77 66<\/p>\t\t\t\t\t\t\t\t<\/div>\n\t\t\t\t<\/div>\n\t\t\t\t<div class=\"elementor-element elementor-element-0ebd227 elementor-widget elementor-widget-image\" data-id=\"0ebd227\" data-element_type=\"widget\" data-e-type=\"widget\" data-widget_type=\"image.default\">\n\t\t\t\t\t\t\t\t\t\t\t\t\t\t\t<img decoding=\"async\" width=\"768\" height=\"512\" src=\"https:\/\/www.nomm-it.com\/wp-content\/uploads\/2026\/04\/DSF2863-768x512.jpg\" class=\"attachment-medium_large size-medium_large wp-image-2747\" alt=\"NOMM&#039;it\" srcset=\"https:\/\/www.nomm-it.com\/wp-content\/uploads\/2026\/04\/DSF2863-768x512.jpg 768w, https:\/\/www.nomm-it.com\/wp-content\/uploads\/2026\/04\/DSF2863-300x200.jpg 300w, https:\/\/www.nomm-it.com\/wp-content\/uploads\/2026\/04\/DSF2863-1024x682.jpg 1024w, https:\/\/www.nomm-it.com\/wp-content\/uploads\/2026\/04\/DSF2863-1536x1024.jpg 1536w, https:\/\/www.nomm-it.com\/wp-content\/uploads\/2026\/04\/DSF2863.jpg 2000w\" sizes=\"(max-width: 768px) 100vw, 768px\" \/>\t\t\t\t\t\t\t\t\t\t\t\t\t\t\t<\/div>\n\t\t\t\t<\/div>\n\t\t\t\t<\/div>\n\t\t<div class=\"elementor-element elementor-element-184c9b5 e-flex e-con-boxed e-con e-parent\" data-id=\"184c9b5\" data-element_type=\"container\" data-e-type=\"container\">\n\t\t\t\t\t<div class=\"e-con-inner\">\n\t\t\t\t<div class=\"elementor-element elementor-element-1b39a8c elementor-widget elementor-widget-spacer\" data-id=\"1b39a8c\" data-element_type=\"widget\" data-e-type=\"widget\" data-widget_type=\"spacer.default\">\n\t\t\t\t\t\t\t<div class=\"elementor-spacer\">\n\t\t\t<div class=\"elementor-spacer-inner\"><\/div>\n\t\t<\/div>\n\t\t\t\t\t\t<\/div>\n\t\t\t\t<div class=\"elementor-element elementor-element-287ea13 elementor-widget__width-initial elementor-button-align-stretch elementor-widget elementor-widget-form\" data-id=\"287ea13\" data-element_type=\"widget\" data-e-type=\"widget\" data-settings=\"{&quot;step_next_label&quot;:&quot;Volgende&quot;,&quot;step_previous_label&quot;:&quot;Vorige&quot;,&quot;button_width&quot;:&quot;30&quot;,&quot;step_type&quot;:&quot;number_text&quot;,&quot;step_icon_shape&quot;:&quot;circle&quot;}\" data-widget_type=\"form.default\">\n\t\t\t\t\t\t\t<form class=\"elementor-form\" method=\"post\" name=\"Contact\" aria-label=\"Contact\">\n\t\t\t<input type=\"hidden\" name=\"post_id\" value=\"2995\"\/>\n\t\t\t<input type=\"hidden\" name=\"form_id\" value=\"287ea13\"\/>\n\t\t\t<input type=\"hidden\" name=\"referer_title\" value=\"Contact - NOMM\u2019it\" \/>\n\n\t\t\t\t\t\t\t<input type=\"hidden\" name=\"queried_id\" value=\"2995\"\/>\n\t\t\t\n\t\t\t<div class=\"elementor-form-fields-wrapper elementor-labels-\">\n\t\t\t\t\t\t\t\t<div class=\"elementor-field-type-radio elementor-field-group elementor-column elementor-field-group-field_538d70e elementor-col-100 elementor-field-required\">\n\t\t\t\t\t\t\t\t\t\t\t\t<label for=\"form-field-field_538d70e\" class=\"elementor-field-label elementor-screen-only\">\n\t\t\t\t\t\t\t\tPersoonType\t\t\t\t\t\t\t<\/label>\n\t\t\t\t\t\t<div class=\"elementor-field-subgroup  elementor-subgroup-inline\"><span class=\"elementor-field-option\"><input type=\"radio\" value=\"Particulier\" id=\"form-field-field_538d70e-0\" name=\"form_fields[field_538d70e]\" required=\"required\"> <label for=\"form-field-field_538d70e-0\">Particulier<\/label><\/span><span class=\"elementor-field-option\"><input type=\"radio\" value=\"Zakelijk\" id=\"form-field-field_538d70e-1\" name=\"form_fields[field_538d70e]\" required=\"required\"> <label for=\"form-field-field_538d70e-1\">Zakelijk<\/label><\/span><\/div>\t\t\t\t<\/div>\n\t\t\t\t\t\t\t\t<div class=\"elementor-field-type-text elementor-field-group elementor-column elementor-field-group-name elementor-col-50 elementor-field-required\">\n\t\t\t\t\t\t\t\t\t\t\t\t<label for=\"form-field-name\" class=\"elementor-field-label elementor-screen-only\">\n\t\t\t\t\t\t\t\tVoornaam\t\t\t\t\t\t\t<\/label>\n\t\t\t\t\t\t\t\t\t\t\t\t\t\t<input size=\"1\" type=\"text\" name=\"form_fields[name]\" id=\"form-field-name\" class=\"elementor-field elementor-size-lg  elementor-field-textual\" placeholder=\"Voornaam*\" required=\"required\">\n\t\t\t\t\t\t\t\t\t\t\t<\/div>\n\t\t\t\t\t\t\t\t<div class=\"elementor-field-type-text elementor-field-group elementor-column elementor-field-group-field_c5c0cb7 elementor-col-50 elementor-field-required\">\n\t\t\t\t\t\t\t\t\t\t\t\t<label for=\"form-field-field_c5c0cb7\" class=\"elementor-field-label elementor-screen-only\">\n\t\t\t\t\t\t\t\tAchternaam\t\t\t\t\t\t\t<\/label>\n\t\t\t\t\t\t\t\t\t\t\t\t\t\t<input size=\"1\" type=\"text\" name=\"form_fields[field_c5c0cb7]\" id=\"form-field-field_c5c0cb7\" class=\"elementor-field elementor-size-lg  elementor-field-textual\" placeholder=\"Achternaam*\" required=\"required\">\n\t\t\t\t\t\t\t\t\t\t\t<\/div>\n\t\t\t\t\t\t\t\t<div class=\"elementor-field-type-text elementor-field-group elementor-column elementor-field-group-field_af91b5b elementor-col-100\">\n\t\t\t\t\t\t\t\t\t\t\t\t<label for=\"form-field-field_af91b5b\" class=\"elementor-field-label elementor-screen-only\">\n\t\t\t\t\t\t\t\tStraat + Huisnummer\t\t\t\t\t\t\t<\/label>\n\t\t\t\t\t\t\t\t\t\t\t\t\t\t<input size=\"1\" type=\"text\" name=\"form_fields[field_af91b5b]\" id=\"form-field-field_af91b5b\" class=\"elementor-field elementor-size-lg  elementor-field-textual\" placeholder=\"Straat + Huisnummer\">\n\t\t\t\t\t\t\t\t\t\t\t<\/div>\n\t\t\t\t\t\t\t\t<div class=\"elementor-field-type-text elementor-field-group elementor-column elementor-field-group-field_d6dba77 elementor-col-50\">\n\t\t\t\t\t\t\t\t\t\t\t\t<label for=\"form-field-field_d6dba77\" class=\"elementor-field-label elementor-screen-only\">\n\t\t\t\t\t\t\t\tPostcode\t\t\t\t\t\t\t<\/label>\n\t\t\t\t\t\t\t\t\t\t\t\t\t\t<input size=\"1\" type=\"text\" name=\"form_fields[field_d6dba77]\" id=\"form-field-field_d6dba77\" class=\"elementor-field elementor-size-lg  elementor-field-textual\" placeholder=\"Postcode\">\n\t\t\t\t\t\t\t\t\t\t\t<\/div>\n\t\t\t\t\t\t\t\t<div class=\"elementor-field-type-text elementor-field-group elementor-column elementor-field-group-field_89c6f5e elementor-col-50\">\n\t\t\t\t\t\t\t\t\t\t\t\t<label for=\"form-field-field_89c6f5e\" class=\"elementor-field-label elementor-screen-only\">\n\t\t\t\t\t\t\t\tPlaats\t\t\t\t\t\t\t<\/label>\n\t\t\t\t\t\t\t\t\t\t\t\t\t\t<input size=\"1\" type=\"text\" name=\"form_fields[field_89c6f5e]\" id=\"form-field-field_89c6f5e\" class=\"elementor-field elementor-size-lg  elementor-field-textual\" placeholder=\"Plaats\">\n\t\t\t\t\t\t\t\t\t\t\t<\/div>\n\t\t\t\t\t\t\t\t<div class=\"elementor-field-type-text elementor-field-group elementor-column elementor-field-group-field_854759b elementor-col-100 elementor-field-required\">\n\t\t\t\t\t\t\t\t\t\t\t\t<label for=\"form-field-field_854759b\" class=\"elementor-field-label elementor-screen-only\">\n\t\t\t\t\t\t\t\tLand\t\t\t\t\t\t\t<\/label>\n\t\t\t\t\t\t\t\t\t\t\t\t\t\t<input size=\"1\" type=\"text\" name=\"form_fields[field_854759b]\" id=\"form-field-field_854759b\" class=\"elementor-field elementor-size-lg  elementor-field-textual\" placeholder=\"Land*\" required=\"required\">\n\t\t\t\t\t\t\t\t\t\t\t<\/div>\n\t\t\t\t\t\t\t\t<div class=\"elementor-field-type-email elementor-field-group elementor-column elementor-field-group-field_9006733 elementor-col-50 elementor-field-required\">\n\t\t\t\t\t\t\t\t\t\t\t\t<label for=\"form-field-field_9006733\" class=\"elementor-field-label elementor-screen-only\">\n\t\t\t\t\t\t\t\tEmail@adres\t\t\t\t\t\t\t<\/label>\n\t\t\t\t\t\t\t\t\t\t\t\t\t\t<input size=\"1\" type=\"email\" name=\"form_fields[field_9006733]\" id=\"form-field-field_9006733\" class=\"elementor-field elementor-size-lg  elementor-field-textual\" placeholder=\"Email@adres*\" required=\"required\">\n\t\t\t\t\t\t\t\t\t\t\t<\/div>\n\t\t\t\t\t\t\t\t<div class=\"elementor-field-type-email elementor-field-group elementor-column elementor-field-group-field_c1a051a elementor-col-50 elementor-field-required\">\n\t\t\t\t\t\t\t\t\t\t\t\t<label for=\"form-field-field_c1a051a\" class=\"elementor-field-label elementor-screen-only\">\n\t\t\t\t\t\t\t\tEmail@adres\t\t\t\t\t\t\t<\/label>\n\t\t\t\t\t\t\t\t\t\t\t\t\t\t<input size=\"1\" type=\"email\" name=\"form_fields[field_c1a051a]\" id=\"form-field-field_c1a051a\" class=\"elementor-field elementor-size-lg  elementor-field-textual\" placeholder=\"Email@adres*\" required=\"required\">\n\t\t\t\t\t\t\t\t\t\t\t<\/div>\n\t\t\t\t\t\t\t\t<div class=\"elementor-field-type-tel elementor-field-group elementor-column elementor-field-group-field_5002b40 elementor-col-100\">\n\t\t\t\t\t\t\t\t\t\t\t\t<label for=\"form-field-field_5002b40\" class=\"elementor-field-label elementor-screen-only\">\n\t\t\t\t\t\t\t\tTelefoonnummer\t\t\t\t\t\t\t<\/label>\n\t\t\t\t\t\t\t\t<input size=\"1\" type=\"tel\" name=\"form_fields[field_5002b40]\" id=\"form-field-field_5002b40\" class=\"elementor-field elementor-size-lg  elementor-field-textual\" placeholder=\"Telefoonnummer\" pattern=\"[0-9()#&amp;+*-=.]+\" title=\"Seuls les caract\u00e8res de num\u00e9ros de t\u00e9l\u00e9phone (#, -, *, etc.) sont accept\u00e9s.\">\n\n\t\t\t\t\t\t<\/div>\n\t\t\t\t\t\t\t\t<div class=\"elementor-field-type-text elementor-field-group elementor-column elementor-field-group-field_75c8afc elementor-col-100 elementor-field-required\">\n\t\t\t\t\t\t\t\t\t\t\t\t<label for=\"form-field-field_75c8afc\" class=\"elementor-field-label elementor-screen-only\">\n\t\t\t\t\t\t\t\tOnderwerp\t\t\t\t\t\t\t<\/label>\n\t\t\t\t\t\t\t\t\t\t\t\t\t\t<input size=\"1\" type=\"text\" name=\"form_fields[field_75c8afc]\" id=\"form-field-field_75c8afc\" class=\"elementor-field elementor-size-lg  elementor-field-textual\" placeholder=\"Onderwerp*\" required=\"required\">\n\t\t\t\t\t\t\t\t\t\t\t<\/div>\n\t\t\t\t\t\t\t\t<div class=\"elementor-field-type-textarea elementor-field-group elementor-column elementor-field-group-field_563bace elementor-col-100\">\n\t\t\t\t\t\t\t\t\t\t\t\t<label for=\"form-field-field_563bace\" class=\"elementor-field-label elementor-screen-only\">\n\t\t\t\t\t\t\t\tBericht\t\t\t\t\t\t\t<\/label>\n\t\t\t\t\t\t<textarea class=\"elementor-field-textual elementor-field  elementor-size-lg\" name=\"form_fields[field_563bace]\" id=\"form-field-field_563bace\" rows=\"4\" placeholder=\"Bericht*\"><\/textarea>\t\t\t\t<\/div>\n\t\t\t\t\t\t\t\t<div class=\"elementor-field-group elementor-column elementor-field-type-submit elementor-col-30 e-form__buttons\">\n\t\t\t\t\t<button class=\"elementor-button elementor-size-sm\" type=\"submit\">\n\t\t\t\t\t\t<span class=\"elementor-button-content-wrapper\">\n\t\t\t\t\t\t\t\t\t\t\t\t\t\t\t<span class=\"elementor-button-icon\">\n\t\t\t\t\t\t\t\t\t<svg aria-hidden=\"true\" class=\"e-font-icon-svg e-fas-paper-plane\" viewBox=\"0 0 512 512\" xmlns=\"http:\/\/www.w3.org\/2000\/svg\"><path d=\"M476 3.2L12.5 270.6c-18.1 10.4-15.8 35.6 2.2 43.2L121 358.4l287.3-253.2c5.5-4.9 13.3 2.6 8.6 8.3L176 407v80.5c0 23.6 28.5 32.9 42.5 15.8L282 426l124.6 52.2c14.2 6 30.4-2.9 33-18.2l72-432C515 7.8 493.3-6.8 476 3.2z\"><\/path><\/svg>\t\t\t\t\t\t\t\t\t\t\t\t\t\t\t\t\t<\/span>\n\t\t\t\t\t\t\t\t\t\t\t\t\t\t\t\t\t\t\t\t\t\t<span class=\"elementor-button-text\">Verzenden<\/span>\n\t\t\t\t\t\t\t\t\t\t\t\t\t<\/span>\n\t\t\t\t\t<\/button>\n\t\t\t\t<\/div>\n\t\t\t<\/div>\n\t\t<\/form>\n\t\t\t\t\t\t<\/div>\n\t\t\t\t\t<\/div>\n\t\t\t\t<\/div>\n\t\t\t\t<\/div>\n\t\t","protected":false},"excerpt":{"rendered":"<p>Nederland Postbus 592701040KG Amsterdam +31 (0)85 76 07 100 Belgi\u00eb Postbus 112000 Antwerpen +32 (0)2 808 77 66<\/p>\n","protected":false},"author":2,"featured_media":0,"parent":0,"menu_order":0,"comment_status":"closed","ping_status":"closed","template":"","meta":{"_acf_changed":false,"footnotes":""},"class_list":["post-2995","page","type-page","status-publish","hentry"],"acf":[],"yoast_head":"<!-- This site is optimized with the Yoast SEO plugin v27.2 - https:\/\/yoast.com\/product\/yoast-seo-wordpress\/ -->\n<title>Contact - NOMM\u2019it<\/title>\n<meta name=\"robots\" content=\"index, follow, max-snippet:-1, max-image-preview:large, max-video-preview:-1\" \/>\n<link rel=\"canonical\" href=\"https:\/\/www.nomm-it.com\/fr\/contact\/\" \/>\n<meta property=\"og:locale\" content=\"fr_FR\" \/>\n<meta property=\"og:type\" content=\"article\" \/>\n<meta property=\"og:title\" content=\"Contact - NOMM\u2019it\" \/>\n<meta property=\"og:description\" content=\"Nederland Postbus 592701040KG Amsterdam +31 (0)85 76 07 100 Belgi\u00eb Postbus 112000 Antwerpen +32 (0)2 808 77 66\" \/>\n<meta property=\"og:url\" content=\"https:\/\/www.nomm-it.com\/fr\/contact\/\" \/>\n<meta property=\"og:site_name\" content=\"NOMM\u2019it\" \/>\n<meta property=\"og:image\" content=\"https:\/\/www.nomm-it.com\/wp-content\/uploads\/2026\/04\/DSF2953-768x512.jpg\" \/>\n<meta name=\"twitter:card\" content=\"summary_large_image\" \/>\n<script type=\"application\/ld+json\" class=\"yoast-schema-graph\">{\"@context\":\"https:\/\/schema.org\",\"@graph\":[{\"@type\":\"WebPage\",\"@id\":\"https:\/\/www.nomm-it.com\/fr\/contact\/\",\"url\":\"https:\/\/www.nomm-it.com\/fr\/contact\/\",\"name\":\"Contact - NOMM\u2019it\",\"isPartOf\":{\"@id\":\"https:\/\/www.nomm-it.com\/#website\"},\"primaryImageOfPage\":{\"@id\":\"https:\/\/www.nomm-it.com\/fr\/contact\/#primaryimage\"},\"image\":{\"@id\":\"https:\/\/www.nomm-it.com\/fr\/contact\/#primaryimage\"},\"thumbnailUrl\":\"https:\/\/www.nomm-it.com\/wp-content\/uploads\/2026\/04\/DSF2953-768x512.jpg\",\"datePublished\":\"2025-10-01T07:57:08+00:00\",\"breadcrumb\":{\"@id\":\"https:\/\/www.nomm-it.com\/fr\/contact\/#breadcrumb\"},\"inLanguage\":\"fr-FR\",\"potentialAction\":[{\"@type\":\"ReadAction\",\"target\":[\"https:\/\/www.nomm-it.com\/fr\/contact\/\"]}]},{\"@type\":\"ImageObject\",\"inLanguage\":\"fr-FR\",\"@id\":\"https:\/\/www.nomm-it.com\/fr\/contact\/#primaryimage\",\"url\":\"https:\/\/www.nomm-it.com\/wp-content\/uploads\/2026\/04\/DSF2953-768x512.jpg\",\"contentUrl\":\"https:\/\/www.nomm-it.com\/wp-content\/uploads\/2026\/04\/DSF2953-768x512.jpg\"},{\"@type\":\"BreadcrumbList\",\"@id\":\"https:\/\/www.nomm-it.com\/fr\/contact\/#breadcrumb\",\"itemListElement\":[{\"@type\":\"ListItem\",\"position\":1,\"name\":\"Home\",\"item\":\"https:\/\/www.nomm-it.com\/fr\/home\/\"},{\"@type\":\"ListItem\",\"position\":2,\"name\":\"Contact\"}]},{\"@type\":\"WebSite\",\"@id\":\"https:\/\/www.nomm-it.com\/#website\",\"url\":\"https:\/\/www.nomm-it.com\/\",\"name\":\"Nomm'it\",\"description\":\"Glutenvrije &amp; allergeenvrije snacks &amp; bakkerijproducten\",\"publisher\":{\"@id\":\"https:\/\/www.nomm-it.com\/#organization\"},\"potentialAction\":[{\"@type\":\"SearchAction\",\"target\":{\"@type\":\"EntryPoint\",\"urlTemplate\":\"https:\/\/www.nomm-it.com\/?s={search_term_string}\"},\"query-input\":{\"@type\":\"PropertyValueSpecification\",\"valueRequired\":true,\"valueName\":\"search_term_string\"}}],\"inLanguage\":\"fr-FR\"},{\"@type\":\"Organization\",\"@id\":\"https:\/\/www.nomm-it.com\/#organization\",\"name\":\"Nomm'it\",\"url\":\"https:\/\/www.nomm-it.com\/\",\"logo\":{\"@type\":\"ImageObject\",\"inLanguage\":\"fr-FR\",\"@id\":\"https:\/\/www.nomm-it.com\/#\/schema\/logo\/image\/\",\"url\":\"https:\/\/www.nomm-it.com\/wp-content\/uploads\/2025\/09\/NOMMit-Logo-Final_Positief-Payoff.svg\",\"contentUrl\":\"https:\/\/www.nomm-it.com\/wp-content\/uploads\/2025\/09\/NOMMit-Logo-Final_Positief-Payoff.svg\",\"width\":841,\"height\":595,\"caption\":\"Nomm'it\"},\"image\":{\"@id\":\"https:\/\/www.nomm-it.com\/#\/schema\/logo\/image\/\"}}]}<\/script>\n<!-- \/ Yoast SEO plugin. -->","yoast_head_json":{"title":"Contact - NOMM\u2019it","robots":{"index":"index","follow":"follow","max-snippet":"max-snippet:-1","max-image-preview":"max-image-preview:large","max-video-preview":"max-video-preview:-1"},"canonical":"https:\/\/www.nomm-it.com\/fr\/contact\/","og_locale":"fr_FR","og_type":"article","og_title":"Contact - NOMM\u2019it","og_description":"Nederland Postbus 592701040KG Amsterdam +31 (0)85 76 07 100 Belgi\u00eb Postbus 112000 Antwerpen +32 (0)2 808 77 66","og_url":"https:\/\/www.nomm-it.com\/fr\/contact\/","og_site_name":"NOMM\u2019it","og_image":[{"url":"https:\/\/www.nomm-it.com\/wp-content\/uploads\/2026\/04\/DSF2953-768x512.jpg","type":"","width":"","height":""}],"twitter_card":"summary_large_image","schema":{"@context":"https:\/\/schema.org","@graph":[{"@type":"WebPage","@id":"https:\/\/www.nomm-it.com\/fr\/contact\/","url":"https:\/\/www.nomm-it.com\/fr\/contact\/","name":"Contact - NOMM\u2019it","isPartOf":{"@id":"https:\/\/www.nomm-it.com\/#website"},"primaryImageOfPage":{"@id":"https:\/\/www.nomm-it.com\/fr\/contact\/#primaryimage"},"image":{"@id":"https:\/\/www.nomm-it.com\/fr\/contact\/#primaryimage"},"thumbnailUrl":"https:\/\/www.nomm-it.com\/wp-content\/uploads\/2026\/04\/DSF2953-768x512.jpg","datePublished":"2025-10-01T07:57:08+00:00","breadcrumb":{"@id":"https:\/\/www.nomm-it.com\/fr\/contact\/#breadcrumb"},"inLanguage":"fr-FR","potentialAction":[{"@type":"ReadAction","target":["https:\/\/www.nomm-it.com\/fr\/contact\/"]}]},{"@type":"ImageObject","inLanguage":"fr-FR","@id":"https:\/\/www.nomm-it.com\/fr\/contact\/#primaryimage","url":"https:\/\/www.nomm-it.com\/wp-content\/uploads\/2026\/04\/DSF2953-768x512.jpg","contentUrl":"https:\/\/www.nomm-it.com\/wp-content\/uploads\/2026\/04\/DSF2953-768x512.jpg"},{"@type":"BreadcrumbList","@id":"https:\/\/www.nomm-it.com\/fr\/contact\/#breadcrumb","itemListElement":[{"@type":"ListItem","position":1,"name":"Home","item":"https:\/\/www.nomm-it.com\/fr\/home\/"},{"@type":"ListItem","position":2,"name":"Contact"}]},{"@type":"WebSite","@id":"https:\/\/www.nomm-it.com\/#website","url":"https:\/\/www.nomm-it.com\/","name":"Nomm'it","description":"Glutenvrije &amp; allergeenvrije snacks &amp; bakkerijproducten","publisher":{"@id":"https:\/\/www.nomm-it.com\/#organization"},"potentialAction":[{"@type":"SearchAction","target":{"@type":"EntryPoint","urlTemplate":"https:\/\/www.nomm-it.com\/?s={search_term_string}"},"query-input":{"@type":"PropertyValueSpecification","valueRequired":true,"valueName":"search_term_string"}}],"inLanguage":"fr-FR"},{"@type":"Organization","@id":"https:\/\/www.nomm-it.com\/#organization","name":"Nomm'it","url":"https:\/\/www.nomm-it.com\/","logo":{"@type":"ImageObject","inLanguage":"fr-FR","@id":"https:\/\/www.nomm-it.com\/#\/schema\/logo\/image\/","url":"https:\/\/www.nomm-it.com\/wp-content\/uploads\/2025\/09\/NOMMit-Logo-Final_Positief-Payoff.svg","contentUrl":"https:\/\/www.nomm-it.com\/wp-content\/uploads\/2025\/09\/NOMMit-Logo-Final_Positief-Payoff.svg","width":841,"height":595,"caption":"Nomm'it"},"image":{"@id":"https:\/\/www.nomm-it.com\/#\/schema\/logo\/image\/"}}]}},"_links":{"self":[{"href":"https:\/\/www.nomm-it.com\/fr\/wp-json\/wp\/v2\/pages\/2995","targetHints":{"allow":["GET"]}}],"collection":[{"href":"https:\/\/www.nomm-it.com\/fr\/wp-json\/wp\/v2\/pages"}],"about":[{"href":"https:\/\/www.nomm-it.com\/fr\/wp-json\/wp\/v2\/types\/page"}],"author":[{"embeddable":true,"href":"https:\/\/www.nomm-it.com\/fr\/wp-json\/wp\/v2\/users\/2"}],"replies":[{"embeddable":true,"href":"https:\/\/www.nomm-it.com\/fr\/wp-json\/wp\/v2\/comments?post=2995"}],"version-history":[{"count":0,"href":"https:\/\/www.nomm-it.com\/fr\/wp-json\/wp\/v2\/pages\/2995\/revisions"}],"wp:attachment":[{"href":"https:\/\/www.nomm-it.com\/fr\/wp-json\/wp\/v2\/media?parent=2995"}],"curies":[{"name":"wp","href":"https:\/\/api.w.org\/{rel}","templated":true}]}}