{"id":2766,"date":"2025-10-07T08:53:10","date_gmt":"2025-10-07T08:53:10","guid":{"rendered":"https:\/\/www.nomm-it.com\/product\/rundvlees-bitterballen\/"},"modified":"2026-04-08T09:55:50","modified_gmt":"2026-04-08T09:55:50","slug":"rundvlees-bitterballen","status":"publish","type":"product","link":"https:\/\/www.nomm-it.com\/fr\/product\/rundvlees-bitterballen\/","title":{"rendered":"Boulettes Ap\u00e9ro viande de boeuf"},"content":{"rendered":"\t\t<div data-elementor-type=\"wp-post\" data-elementor-id=\"2766\" class=\"elementor elementor-2766 elementor-692\" data-elementor-post-type=\"product\">\n\t\t\t\t<div class=\"elementor-element elementor-element-539d78ba e-flex e-con-boxed e-con e-parent\" data-id=\"539d78ba\" data-element_type=\"container\" data-e-type=\"container\">\n\t\t\t\t\t<div class=\"e-con-inner\">\n\t\t\t\t<div class=\"elementor-element elementor-element-cc123ed elementor-widget elementor-widget-text-editor\" data-id=\"cc123ed\" data-element_type=\"widget\" data-e-type=\"widget\" data-widget_type=\"text-editor.default\">\n\t\t\t\t\t\t\t\t\t\n<p>Vous recherchez de d\u00e9licieuses <strong>bitterballen sans gluten<\/strong>, compatibles avec un mode de vie sain ?<br>Les bitterballen sans gluten NOMM\u2019it (b\u0153uf) ont \u00e9t\u00e9 sp\u00e9cialement con\u00e7ues pour les amateurs de ce classique, sans gluten ni autres allerg\u00e8nes courants.<\/p>\n\n<p>Cette collation est enti\u00e8rement <strong>sans gluten<\/strong>, contient 20 % de b\u0153uf frais dans la garniture et est enrob\u00e9e d&rsquo;une cro\u00fbte croustillante \u00e0 base de farine de riz et de sarrasin.<\/p>\n\n<p>Que vous organisiez un ap\u00e9ritif, preniez un go\u00fbter entre amis ou ayez simplement envie d&rsquo;une bitterball classique, la variante NOMM&rsquo;it offre <strong>une collation saine et sans allerg\u00e8nes<\/strong> ! <\/p>\n\n<ul class=\"wp-block-list\">\n<li><strong>Sans gluten<\/strong><\/li>\n\n<li><strong>Sans allerg\u00e8nes courants<\/strong> <a id=\"https:\/\/www.nomm-it.com\/faq\/\" href=\"https:\/\/www.nomm-it.com\/fr\/faq\/\" type=\"link\">(voir FAQ)<\/a><\/li>\n\n<li><strong>Coquille ext\u00e9rieure croustillante et garniture riche en rago\u00fbt<\/strong><\/li>\n\n<li><strong>Id\u00e9al pour prendre un verre, une f\u00eate ou une soir\u00e9e gourmande entre amis.<\/strong><\/li>\n<\/ul>\n\n<p>Avec les bitterballen NOMM\u2019it, vous optez pour une exp\u00e9rience gustative qui refl\u00e8te la tradition n\u00e9erlandaise des en-cas, mais sous une forme moderne et sans allerg\u00e8nes. <strong>Le plaisir \u00e0 l&rsquo;\u00e9tat pur, sans compromis.<\/strong><\/p>\n\t\t\t\t\t\t\t\t<\/div>\n\t\t\t\t\t<\/div>\n\t\t\t\t<\/div>\n\t\t\t\t<\/div>\n\t\t","protected":false},"featured_media":2768,"menu_order":11,"template":"","meta":{"_acf_changed":false},"bereidingswijze":[20,13,14],"specificatie":[31],"class_list":["post-2766","product","type-product","status-publish","has-post-thumbnail","hentry","bereidingswijze-airfryer","bereidingswijze-friteuse","bereidingswijze-oven-met-grill","specificatie-snacks"],"acf":[],"yoast_head":"<!-- This site is optimized with the Yoast SEO plugin v27.2 - https:\/\/yoast.com\/product\/yoast-seo-wordpress\/ -->\n<title>Boulettes Ap\u00e9ro viande de boeuf - NOMM\u2019it<\/title>\n<meta name=\"robots\" content=\"index, follow, max-snippet:-1, max-image-preview:large, max-video-preview:-1\" \/>\n<link rel=\"canonical\" href=\"https:\/\/www.nomm-it.com\/product\/rundvlees-bitterballen\/\" \/>\n<meta property=\"og:locale\" content=\"fr_FR\" \/>\n<meta property=\"og:type\" content=\"article\" \/>\n<meta property=\"og:title\" content=\"Boulettes Ap\u00e9ro viande de boeuf - NOMM\u2019it\" \/>\n<meta property=\"og:description\" content=\"Vous recherchez de d\u00e9licieuses bitterballen sans gluten, compatibles avec un mode de vie sain ?Les bitterballen sans gluten NOMM\u2019it (b\u0153uf) ont \u00e9t\u00e9 sp\u00e9cialement con\u00e7ues pour les amateurs de ce classique, sans gluten ni autres allerg\u00e8nes courants. Cette collation est enti\u00e8rement sans gluten, contient 20 % de b\u0153uf frais dans la garniture et est enrob\u00e9e d&rsquo;une [&hellip;]\" \/>\n<meta property=\"og:url\" content=\"https:\/\/www.nomm-it.com\/product\/rundvlees-bitterballen\/\" \/>\n<meta property=\"og:site_name\" content=\"NOMM\u2019it\" \/>\n<meta property=\"article:modified_time\" content=\"2026-04-08T09:55:50+00:00\" \/>\n<meta property=\"og:image\" content=\"https:\/\/www.nomm-it.com\/wp-content\/uploads\/2025\/09\/voorkant-RVBIT.png\" \/>\n\t<meta property=\"og:image:width\" content=\"1654\" \/>\n\t<meta property=\"og:image:height\" content=\"1778\" \/>\n\t<meta property=\"og:image:type\" content=\"image\/png\" \/>\n<meta name=\"twitter:card\" content=\"summary_large_image\" \/>\n<meta name=\"twitter:label1\" content=\"Dur\u00e9e de lecture estim\u00e9e\" \/>\n\t<meta name=\"twitter:data1\" content=\"1 minute\" \/>\n<script type=\"application\/ld+json\" class=\"yoast-schema-graph\">{\"@context\":\"https:\/\/schema.org\",\"@graph\":[{\"@type\":\"WebPage\",\"@id\":\"https:\/\/www.nomm-it.com\/product\/rundvlees-bitterballen\/\",\"url\":\"https:\/\/www.nomm-it.com\/product\/rundvlees-bitterballen\/\",\"name\":\"Boulettes Ap\u00e9ro viande de boeuf - NOMM\u2019it\",\"isPartOf\":{\"@id\":\"https:\/\/www.nomm-it.com\/#website\"},\"primaryImageOfPage\":{\"@id\":\"https:\/\/www.nomm-it.com\/product\/rundvlees-bitterballen\/#primaryimage\"},\"image\":{\"@id\":\"https:\/\/www.nomm-it.com\/product\/rundvlees-bitterballen\/#primaryimage\"},\"thumbnailUrl\":\"https:\/\/www.nomm-it.com\/wp-content\/uploads\/2025\/09\/voorkant-RVBIT.png\",\"datePublished\":\"2025-10-07T08:53:10+00:00\",\"dateModified\":\"2026-04-08T09:55:50+00:00\",\"breadcrumb\":{\"@id\":\"https:\/\/www.nomm-it.com\/product\/rundvlees-bitterballen\/#breadcrumb\"},\"inLanguage\":\"fr-FR\",\"potentialAction\":[{\"@type\":\"ReadAction\",\"target\":[\"https:\/\/www.nomm-it.com\/product\/rundvlees-bitterballen\/\"]}]},{\"@type\":\"ImageObject\",\"inLanguage\":\"fr-FR\",\"@id\":\"https:\/\/www.nomm-it.com\/product\/rundvlees-bitterballen\/#primaryimage\",\"url\":\"https:\/\/www.nomm-it.com\/wp-content\/uploads\/2025\/09\/voorkant-RVBIT.png\",\"contentUrl\":\"https:\/\/www.nomm-it.com\/wp-content\/uploads\/2025\/09\/voorkant-RVBIT.png\",\"width\":1654,\"height\":1778},{\"@type\":\"BreadcrumbList\",\"@id\":\"https:\/\/www.nomm-it.com\/product\/rundvlees-bitterballen\/#breadcrumb\",\"itemListElement\":[{\"@type\":\"ListItem\",\"position\":1,\"name\":\"Home\",\"item\":\"https:\/\/www.nomm-it.com\/fr\/home\/\"},{\"@type\":\"ListItem\",\"position\":2,\"name\":\"Boulettes Ap\u00e9ro viande de boeuf\"}]},{\"@type\":\"WebSite\",\"@id\":\"https:\/\/www.nomm-it.com\/#website\",\"url\":\"https:\/\/www.nomm-it.com\/\",\"name\":\"Nomm'it\",\"description\":\"Glutenvrije &amp; allergeenvrije snacks &amp; bakkerijproducten\",\"publisher\":{\"@id\":\"https:\/\/www.nomm-it.com\/#organization\"},\"potentialAction\":[{\"@type\":\"SearchAction\",\"target\":{\"@type\":\"EntryPoint\",\"urlTemplate\":\"https:\/\/www.nomm-it.com\/?s={search_term_string}\"},\"query-input\":{\"@type\":\"PropertyValueSpecification\",\"valueRequired\":true,\"valueName\":\"search_term_string\"}}],\"inLanguage\":\"fr-FR\"},{\"@type\":\"Organization\",\"@id\":\"https:\/\/www.nomm-it.com\/#organization\",\"name\":\"Nomm'it\",\"url\":\"https:\/\/www.nomm-it.com\/\",\"logo\":{\"@type\":\"ImageObject\",\"inLanguage\":\"fr-FR\",\"@id\":\"https:\/\/www.nomm-it.com\/#\/schema\/logo\/image\/\",\"url\":\"https:\/\/www.nomm-it.com\/wp-content\/uploads\/2025\/09\/NOMMit-Logo-Final_Positief-Payoff.svg\",\"contentUrl\":\"https:\/\/www.nomm-it.com\/wp-content\/uploads\/2025\/09\/NOMMit-Logo-Final_Positief-Payoff.svg\",\"width\":841,\"height\":595,\"caption\":\"Nomm'it\"},\"image\":{\"@id\":\"https:\/\/www.nomm-it.com\/#\/schema\/logo\/image\/\"}}]}<\/script>\n<!-- \/ Yoast SEO plugin. -->","yoast_head_json":{"title":"Boulettes Ap\u00e9ro viande de boeuf - NOMM\u2019it","robots":{"index":"index","follow":"follow","max-snippet":"max-snippet:-1","max-image-preview":"max-image-preview:large","max-video-preview":"max-video-preview:-1"},"canonical":"https:\/\/www.nomm-it.com\/product\/rundvlees-bitterballen\/","og_locale":"fr_FR","og_type":"article","og_title":"Boulettes Ap\u00e9ro viande de boeuf - NOMM\u2019it","og_description":"Vous recherchez de d\u00e9licieuses bitterballen sans gluten, compatibles avec un mode de vie sain ?Les bitterballen sans gluten NOMM\u2019it (b\u0153uf) ont \u00e9t\u00e9 sp\u00e9cialement con\u00e7ues pour les amateurs de ce classique, sans gluten ni autres allerg\u00e8nes courants. Cette collation est enti\u00e8rement sans gluten, contient 20 % de b\u0153uf frais dans la garniture et est enrob\u00e9e d&rsquo;une [&hellip;]","og_url":"https:\/\/www.nomm-it.com\/product\/rundvlees-bitterballen\/","og_site_name":"NOMM\u2019it","article_modified_time":"2026-04-08T09:55:50+00:00","og_image":[{"width":1654,"height":1778,"url":"https:\/\/www.nomm-it.com\/wp-content\/uploads\/2025\/09\/voorkant-RVBIT.png","type":"image\/png"}],"twitter_card":"summary_large_image","twitter_misc":{"Dur\u00e9e de lecture estim\u00e9e":"1 minute"},"schema":{"@context":"https:\/\/schema.org","@graph":[{"@type":"WebPage","@id":"https:\/\/www.nomm-it.com\/product\/rundvlees-bitterballen\/","url":"https:\/\/www.nomm-it.com\/product\/rundvlees-bitterballen\/","name":"Boulettes Ap\u00e9ro viande de boeuf - NOMM\u2019it","isPartOf":{"@id":"https:\/\/www.nomm-it.com\/#website"},"primaryImageOfPage":{"@id":"https:\/\/www.nomm-it.com\/product\/rundvlees-bitterballen\/#primaryimage"},"image":{"@id":"https:\/\/www.nomm-it.com\/product\/rundvlees-bitterballen\/#primaryimage"},"thumbnailUrl":"https:\/\/www.nomm-it.com\/wp-content\/uploads\/2025\/09\/voorkant-RVBIT.png","datePublished":"2025-10-07T08:53:10+00:00","dateModified":"2026-04-08T09:55:50+00:00","breadcrumb":{"@id":"https:\/\/www.nomm-it.com\/product\/rundvlees-bitterballen\/#breadcrumb"},"inLanguage":"fr-FR","potentialAction":[{"@type":"ReadAction","target":["https:\/\/www.nomm-it.com\/product\/rundvlees-bitterballen\/"]}]},{"@type":"ImageObject","inLanguage":"fr-FR","@id":"https:\/\/www.nomm-it.com\/product\/rundvlees-bitterballen\/#primaryimage","url":"https:\/\/www.nomm-it.com\/wp-content\/uploads\/2025\/09\/voorkant-RVBIT.png","contentUrl":"https:\/\/www.nomm-it.com\/wp-content\/uploads\/2025\/09\/voorkant-RVBIT.png","width":1654,"height":1778},{"@type":"BreadcrumbList","@id":"https:\/\/www.nomm-it.com\/product\/rundvlees-bitterballen\/#breadcrumb","itemListElement":[{"@type":"ListItem","position":1,"name":"Home","item":"https:\/\/www.nomm-it.com\/fr\/home\/"},{"@type":"ListItem","position":2,"name":"Boulettes Ap\u00e9ro viande de boeuf"}]},{"@type":"WebSite","@id":"https:\/\/www.nomm-it.com\/#website","url":"https:\/\/www.nomm-it.com\/","name":"Nomm'it","description":"Glutenvrije &amp; allergeenvrije snacks &amp; bakkerijproducten","publisher":{"@id":"https:\/\/www.nomm-it.com\/#organization"},"potentialAction":[{"@type":"SearchAction","target":{"@type":"EntryPoint","urlTemplate":"https:\/\/www.nomm-it.com\/?s={search_term_string}"},"query-input":{"@type":"PropertyValueSpecification","valueRequired":true,"valueName":"search_term_string"}}],"inLanguage":"fr-FR"},{"@type":"Organization","@id":"https:\/\/www.nomm-it.com\/#organization","name":"Nomm'it","url":"https:\/\/www.nomm-it.com\/","logo":{"@type":"ImageObject","inLanguage":"fr-FR","@id":"https:\/\/www.nomm-it.com\/#\/schema\/logo\/image\/","url":"https:\/\/www.nomm-it.com\/wp-content\/uploads\/2025\/09\/NOMMit-Logo-Final_Positief-Payoff.svg","contentUrl":"https:\/\/www.nomm-it.com\/wp-content\/uploads\/2025\/09\/NOMMit-Logo-Final_Positief-Payoff.svg","width":841,"height":595,"caption":"Nomm'it"},"image":{"@id":"https:\/\/www.nomm-it.com\/#\/schema\/logo\/image\/"}}]}},"_links":{"self":[{"href":"https:\/\/www.nomm-it.com\/fr\/wp-json\/wp\/v2\/product\/2766","targetHints":{"allow":["GET"]}}],"collection":[{"href":"https:\/\/www.nomm-it.com\/fr\/wp-json\/wp\/v2\/product"}],"about":[{"href":"https:\/\/www.nomm-it.com\/fr\/wp-json\/wp\/v2\/types\/product"}],"version-history":[{"count":4,"href":"https:\/\/www.nomm-it.com\/fr\/wp-json\/wp\/v2\/product\/2766\/revisions"}],"predecessor-version":[{"id":3030,"href":"https:\/\/www.nomm-it.com\/fr\/wp-json\/wp\/v2\/product\/2766\/revisions\/3030"}],"wp:featuredmedia":[{"embeddable":true,"href":"https:\/\/www.nomm-it.com\/fr\/wp-json\/wp\/v2\/media\/2768"}],"wp:attachment":[{"href":"https:\/\/www.nomm-it.com\/fr\/wp-json\/wp\/v2\/media?parent=2766"}],"wp:term":[{"taxonomy":"bereidingswijze","embeddable":true,"href":"https:\/\/www.nomm-it.com\/fr\/wp-json\/wp\/v2\/bereidingswijze?post=2766"},{"taxonomy":"specificatie","embeddable":true,"href":"https:\/\/www.nomm-it.com\/fr\/wp-json\/wp\/v2\/specificatie?post=2766"}],"curies":[{"name":"wp","href":"https:\/\/api.w.org\/{rel}","templated":true}]}}