{"id":2899,"date":"2025-10-01T13:40:07","date_gmt":"2025-10-01T13:40:07","guid":{"rendered":"https:\/\/www.nomm-it.com\/product\/frikandel\/"},"modified":"2026-04-13T12:00:37","modified_gmt":"2026-04-13T12:00:37","slug":"frikandel","status":"publish","type":"product","link":"https:\/\/www.nomm-it.com\/fr\/product\/frikandel\/","title":{"rendered":"Fricadelle"},"content":{"rendered":"\n<p>Vous cherchez une <strong>fricadelle sans gluten<\/strong> \u00e0 la fois d\u00e9licieux et compatible avec un mode de vie sain ?<br\/><strong>Le fricadelle NOMM\u2019it<\/strong> est la solution id\u00e9ale pour ceux qui souhaitent savourer un en-cas familier sans compromis. Cet <strong>en-cas sain et sans gluten<\/strong> allie le go\u00fbt embl\u00e9matique du fricadelle classique \u00e0 des ingr\u00e9dients purs et naturels. Vous le constaterez d\u00e8s la premi\u00e8re bouch\u00e9e.  <\/p>\n\n<p>Alors que de nombreuses fricadelles regorgent d&rsquo;additifs artificiels, NOMM&rsquo;it fait toute la diff\u00e9rence. Nos fricadelles <strong>sans additifs<\/strong> sont pr\u00e9par\u00e9s avec<strong> des ingr\u00e9dients frais<\/strong>, sans gluten et sans agents de remplissage inutiles. De plus, ils sont <strong>faibles en glucides (seulement 1,79 gramme par pi\u00e8ce)<\/strong> et <strong>certifi\u00e9s halal<\/strong>.  <\/p>\n\n<p>Que vous suiviez un <strong>r\u00e9gime pauvre en glucides<\/strong>, recherchiez une<strong> collation saine et rapide<\/strong>, ou souhaitiez simplement savourer une <strong>collation sans gluten et responsable<\/strong>, le fricadelle NOMM\u2019it s\u2019int\u00e8gre parfaitement \u00e0 vos habitudes alimentaires.<\/p>\n\n<ul class=\"wp-block-list\">\n<li><strong>Sans gluten et faible en glucides<\/strong><\/li>\n\n\n\n<li><strong>Certifi\u00e9 halal<\/strong><\/li>\n\n\n\n<li><strong>Sans additifs artificiels<\/strong><\/li>\n\n\n\n<li><strong>Id\u00e9al pour un mode de vie sain et conscient<\/strong><\/li>\n<\/ul>\n\n<p>Les fricadelles NOMM\u2019it sont une <strong>alternative saine aux fast-foods traditionnels<\/strong> et prouvent qu\u2019une collation responsable peut \u00eatre d\u00e9licieuse.<br\/><strong>Go\u00fbtez la diff\u00e9rence ! Purs, savoureux et 100 % NOMM\u2019it.<\/strong><\/p>\n","protected":false},"featured_media":2901,"menu_order":0,"template":"","meta":{"_acf_changed":false},"bereidingswijze":[20,13,15,19],"specificatie":[31,34],"class_list":["post-2899","product","type-product","status-publish","has-post-thumbnail","hentry","bereidingswijze-airfryer","bereidingswijze-friteuse","bereidingswijze-pan","bereidingswijze-hetelucht-oven","specificatie-snacks","specificatie-halal"],"acf":[],"yoast_head":"<!-- This site is optimized with the Yoast SEO plugin v27.2 - https:\/\/yoast.com\/product\/yoast-seo-wordpress\/ -->\n<title>Fricadelle - NOMM\u2019it<\/title>\n<meta name=\"robots\" content=\"index, follow, max-snippet:-1, max-image-preview:large, max-video-preview:-1\" \/>\n<link rel=\"canonical\" href=\"https:\/\/www.nomm-it.com\/fr\/product\/frikandel\/\" \/>\n<meta property=\"og:locale\" content=\"fr_FR\" \/>\n<meta property=\"og:type\" content=\"article\" \/>\n<meta property=\"og:title\" content=\"Fricadelle - NOMM\u2019it\" \/>\n<meta property=\"og:description\" content=\"Vous cherchez une fricadelle sans gluten \u00e0 la fois d\u00e9licieux et compatible avec un mode de vie sain ?Le fricadelle NOMM\u2019it est la solution id\u00e9ale pour ceux qui souhaitent savourer un en-cas familier sans compromis. Cet en-cas sain et sans gluten allie le go\u00fbt embl\u00e9matique du fricadelle classique \u00e0 des ingr\u00e9dients purs et naturels. Vous [&hellip;]\" \/>\n<meta property=\"og:url\" content=\"https:\/\/www.nomm-it.com\/fr\/product\/frikandel\/\" \/>\n<meta property=\"og:site_name\" content=\"NOMM\u2019it\" \/>\n<meta property=\"article:modified_time\" content=\"2026-04-13T12:00:37+00:00\" \/>\n<meta property=\"og:image\" content=\"https:\/\/www.nomm-it.com\/wp-content\/uploads\/2025\/09\/voorkant-FR-953x1024.png\" \/>\n\t<meta property=\"og:image:width\" content=\"953\" \/>\n\t<meta property=\"og:image:height\" content=\"1024\" \/>\n\t<meta property=\"og:image:type\" content=\"image\/png\" \/>\n<meta name=\"twitter:card\" content=\"summary_large_image\" \/>\n<meta name=\"twitter:label1\" content=\"Dur\u00e9e de lecture estim\u00e9e\" \/>\n\t<meta name=\"twitter:data1\" content=\"2 minutes\" \/>\n<script type=\"application\/ld+json\" class=\"yoast-schema-graph\">{\"@context\":\"https:\/\/schema.org\",\"@graph\":[{\"@type\":\"WebPage\",\"@id\":\"https:\/\/www.nomm-it.com\/fr\/product\/frikandel\/\",\"url\":\"https:\/\/www.nomm-it.com\/fr\/product\/frikandel\/\",\"name\":\"Fricadelle - NOMM\u2019it\",\"isPartOf\":{\"@id\":\"https:\/\/www.nomm-it.com\/#website\"},\"primaryImageOfPage\":{\"@id\":\"https:\/\/www.nomm-it.com\/fr\/product\/frikandel\/#primaryimage\"},\"image\":{\"@id\":\"https:\/\/www.nomm-it.com\/fr\/product\/frikandel\/#primaryimage\"},\"thumbnailUrl\":\"https:\/\/www.nomm-it.com\/wp-content\/uploads\/2025\/09\/voorkant-FR.png\",\"datePublished\":\"2025-10-01T13:40:07+00:00\",\"dateModified\":\"2026-04-13T12:00:37+00:00\",\"breadcrumb\":{\"@id\":\"https:\/\/www.nomm-it.com\/fr\/product\/frikandel\/#breadcrumb\"},\"inLanguage\":\"fr-FR\",\"potentialAction\":[{\"@type\":\"ReadAction\",\"target\":[\"https:\/\/www.nomm-it.com\/fr\/product\/frikandel\/\"]}]},{\"@type\":\"ImageObject\",\"inLanguage\":\"fr-FR\",\"@id\":\"https:\/\/www.nomm-it.com\/fr\/product\/frikandel\/#primaryimage\",\"url\":\"https:\/\/www.nomm-it.com\/wp-content\/uploads\/2025\/09\/voorkant-FR.png\",\"contentUrl\":\"https:\/\/www.nomm-it.com\/wp-content\/uploads\/2025\/09\/voorkant-FR.png\",\"width\":1654,\"height\":1778},{\"@type\":\"BreadcrumbList\",\"@id\":\"https:\/\/www.nomm-it.com\/fr\/product\/frikandel\/#breadcrumb\",\"itemListElement\":[{\"@type\":\"ListItem\",\"position\":1,\"name\":\"Home\",\"item\":\"https:\/\/www.nomm-it.com\/fr\/home\/\"},{\"@type\":\"ListItem\",\"position\":2,\"name\":\"Fricadelle\"}]},{\"@type\":\"WebSite\",\"@id\":\"https:\/\/www.nomm-it.com\/#website\",\"url\":\"https:\/\/www.nomm-it.com\/\",\"name\":\"Nomm'it\",\"description\":\"Glutenvrije &amp; allergeenvrije snacks &amp; bakkerijproducten\",\"publisher\":{\"@id\":\"https:\/\/www.nomm-it.com\/#organization\"},\"potentialAction\":[{\"@type\":\"SearchAction\",\"target\":{\"@type\":\"EntryPoint\",\"urlTemplate\":\"https:\/\/www.nomm-it.com\/?s={search_term_string}\"},\"query-input\":{\"@type\":\"PropertyValueSpecification\",\"valueRequired\":true,\"valueName\":\"search_term_string\"}}],\"inLanguage\":\"fr-FR\"},{\"@type\":\"Organization\",\"@id\":\"https:\/\/www.nomm-it.com\/#organization\",\"name\":\"Nomm'it\",\"url\":\"https:\/\/www.nomm-it.com\/\",\"logo\":{\"@type\":\"ImageObject\",\"inLanguage\":\"fr-FR\",\"@id\":\"https:\/\/www.nomm-it.com\/#\/schema\/logo\/image\/\",\"url\":\"https:\/\/www.nomm-it.com\/wp-content\/uploads\/2025\/09\/NOMMit-Logo-Final_Positief-Payoff.svg\",\"contentUrl\":\"https:\/\/www.nomm-it.com\/wp-content\/uploads\/2025\/09\/NOMMit-Logo-Final_Positief-Payoff.svg\",\"width\":841,\"height\":595,\"caption\":\"Nomm'it\"},\"image\":{\"@id\":\"https:\/\/www.nomm-it.com\/#\/schema\/logo\/image\/\"}}]}<\/script>\n<!-- \/ Yoast SEO plugin. -->","yoast_head_json":{"title":"Fricadelle - NOMM\u2019it","robots":{"index":"index","follow":"follow","max-snippet":"max-snippet:-1","max-image-preview":"max-image-preview:large","max-video-preview":"max-video-preview:-1"},"canonical":"https:\/\/www.nomm-it.com\/fr\/product\/frikandel\/","og_locale":"fr_FR","og_type":"article","og_title":"Fricadelle - NOMM\u2019it","og_description":"Vous cherchez une fricadelle sans gluten \u00e0 la fois d\u00e9licieux et compatible avec un mode de vie sain ?Le fricadelle NOMM\u2019it est la solution id\u00e9ale pour ceux qui souhaitent savourer un en-cas familier sans compromis. Cet en-cas sain et sans gluten allie le go\u00fbt embl\u00e9matique du fricadelle classique \u00e0 des ingr\u00e9dients purs et naturels. Vous [&hellip;]","og_url":"https:\/\/www.nomm-it.com\/fr\/product\/frikandel\/","og_site_name":"NOMM\u2019it","article_modified_time":"2026-04-13T12:00:37+00:00","og_image":[{"width":953,"height":1024,"url":"https:\/\/www.nomm-it.com\/wp-content\/uploads\/2025\/09\/voorkant-FR-953x1024.png","type":"image\/png"}],"twitter_card":"summary_large_image","twitter_misc":{"Dur\u00e9e de lecture estim\u00e9e":"2 minutes"},"schema":{"@context":"https:\/\/schema.org","@graph":[{"@type":"WebPage","@id":"https:\/\/www.nomm-it.com\/fr\/product\/frikandel\/","url":"https:\/\/www.nomm-it.com\/fr\/product\/frikandel\/","name":"Fricadelle - NOMM\u2019it","isPartOf":{"@id":"https:\/\/www.nomm-it.com\/#website"},"primaryImageOfPage":{"@id":"https:\/\/www.nomm-it.com\/fr\/product\/frikandel\/#primaryimage"},"image":{"@id":"https:\/\/www.nomm-it.com\/fr\/product\/frikandel\/#primaryimage"},"thumbnailUrl":"https:\/\/www.nomm-it.com\/wp-content\/uploads\/2025\/09\/voorkant-FR.png","datePublished":"2025-10-01T13:40:07+00:00","dateModified":"2026-04-13T12:00:37+00:00","breadcrumb":{"@id":"https:\/\/www.nomm-it.com\/fr\/product\/frikandel\/#breadcrumb"},"inLanguage":"fr-FR","potentialAction":[{"@type":"ReadAction","target":["https:\/\/www.nomm-it.com\/fr\/product\/frikandel\/"]}]},{"@type":"ImageObject","inLanguage":"fr-FR","@id":"https:\/\/www.nomm-it.com\/fr\/product\/frikandel\/#primaryimage","url":"https:\/\/www.nomm-it.com\/wp-content\/uploads\/2025\/09\/voorkant-FR.png","contentUrl":"https:\/\/www.nomm-it.com\/wp-content\/uploads\/2025\/09\/voorkant-FR.png","width":1654,"height":1778},{"@type":"BreadcrumbList","@id":"https:\/\/www.nomm-it.com\/fr\/product\/frikandel\/#breadcrumb","itemListElement":[{"@type":"ListItem","position":1,"name":"Home","item":"https:\/\/www.nomm-it.com\/fr\/home\/"},{"@type":"ListItem","position":2,"name":"Fricadelle"}]},{"@type":"WebSite","@id":"https:\/\/www.nomm-it.com\/#website","url":"https:\/\/www.nomm-it.com\/","name":"Nomm'it","description":"Glutenvrije &amp; allergeenvrije snacks &amp; bakkerijproducten","publisher":{"@id":"https:\/\/www.nomm-it.com\/#organization"},"potentialAction":[{"@type":"SearchAction","target":{"@type":"EntryPoint","urlTemplate":"https:\/\/www.nomm-it.com\/?s={search_term_string}"},"query-input":{"@type":"PropertyValueSpecification","valueRequired":true,"valueName":"search_term_string"}}],"inLanguage":"fr-FR"},{"@type":"Organization","@id":"https:\/\/www.nomm-it.com\/#organization","name":"Nomm'it","url":"https:\/\/www.nomm-it.com\/","logo":{"@type":"ImageObject","inLanguage":"fr-FR","@id":"https:\/\/www.nomm-it.com\/#\/schema\/logo\/image\/","url":"https:\/\/www.nomm-it.com\/wp-content\/uploads\/2025\/09\/NOMMit-Logo-Final_Positief-Payoff.svg","contentUrl":"https:\/\/www.nomm-it.com\/wp-content\/uploads\/2025\/09\/NOMMit-Logo-Final_Positief-Payoff.svg","width":841,"height":595,"caption":"Nomm'it"},"image":{"@id":"https:\/\/www.nomm-it.com\/#\/schema\/logo\/image\/"}}]}},"_links":{"self":[{"href":"https:\/\/www.nomm-it.com\/fr\/wp-json\/wp\/v2\/product\/2899","targetHints":{"allow":["GET"]}}],"collection":[{"href":"https:\/\/www.nomm-it.com\/fr\/wp-json\/wp\/v2\/product"}],"about":[{"href":"https:\/\/www.nomm-it.com\/fr\/wp-json\/wp\/v2\/types\/product"}],"version-history":[{"count":2,"href":"https:\/\/www.nomm-it.com\/fr\/wp-json\/wp\/v2\/product\/2899\/revisions"}],"predecessor-version":[{"id":3104,"href":"https:\/\/www.nomm-it.com\/fr\/wp-json\/wp\/v2\/product\/2899\/revisions\/3104"}],"wp:featuredmedia":[{"embeddable":true,"href":"https:\/\/www.nomm-it.com\/fr\/wp-json\/wp\/v2\/media\/2901"}],"wp:attachment":[{"href":"https:\/\/www.nomm-it.com\/fr\/wp-json\/wp\/v2\/media?parent=2899"}],"wp:term":[{"taxonomy":"bereidingswijze","embeddable":true,"href":"https:\/\/www.nomm-it.com\/fr\/wp-json\/wp\/v2\/bereidingswijze?post=2899"},{"taxonomy":"specificatie","embeddable":true,"href":"https:\/\/www.nomm-it.com\/fr\/wp-json\/wp\/v2\/specificatie?post=2899"}],"curies":[{"name":"wp","href":"https:\/\/api.w.org\/{rel}","templated":true}]}}